{"id":68,"date":"2016-02-18T10:01:41","date_gmt":"2016-02-18T09:01:41","guid":{"rendered":"http:\/\/www.duplicata-permis-de-conduire.fr\/blog\/?page_id=68"},"modified":"2021-04-26T11:32:40","modified_gmt":"2021-04-26T10:32:40","slug":"comment-faire-un-duplicata-de-permis-de-conduire","status":"publish","type":"page","link":"https:\/\/www.duplicata-permis-de-conduire.fr\/blog\/comment-faire-un-duplicata-de-permis-de-conduire\/","title":{"rendered":"Comment faire un duplicata de permis de conduire  ?"},"content":{"rendered":"[et_pb_section fb_built=&#8221;1&#8243; _builder_version=&#8221;3.22&#8243;][et_pb_row _builder_version=&#8221;3.25&#8243; background_size=&#8221;initial&#8221; background_position=&#8221;top_left&#8221; background_repeat=&#8221;repeat&#8221;][et_pb_column type=&#8221;4_4&#8243; _builder_version=&#8221;3.25&#8243; custom_padding=&#8221;|||&#8221; custom_padding__hover=&#8221;|||&#8221;][et_pb_text _builder_version=&#8221;3.27.4&#8243; background_size=&#8221;initial&#8221; background_position=&#8221;top_left&#8221; background_repeat=&#8221;repeat&#8221;]\n<h2 style=\"text-align: justify;\"><b>Comment faire une demande de duplicata de permis de conduire\u00a0 ?<\/b><\/h2>\n<p style=\"text-align: justify;\">Les d\u00e9marches pour <b>faire une demande de duplicata de permis de conduire<\/b> ne sont pas compliqu\u00e9es en soit. Vous avez la possibilit\u00e9 de les effectuer en pr\u00e9fecture ou directement sur Internet, afin de gagner du temps. Si vous ne connaissez pas la marche \u00e0 suivre, suivez le guide, nous vous expliquons <b>comment faire un duplicata de permis de conduire<\/b>.<\/p>\n<h2 style=\"text-align: justify;\"><b>Comment faire un duplicata de permis de conduire sur Internet ?<\/b><\/h2>\n<p style=\"text-align: justify;\">Le <b>duplicata de permis de conduire <\/b>peut \u00eatre demand\u00e9 tr\u00e8s facilement sur Internet. Encore faut-il choisir un site fiable. Notre site web \u00ab\u00a0<a href=\"http:\/\/www.duplicata-permis-de-conduire.fr\"><b>Duplicata de permis de conduire<\/b><\/a>\u00a0\u00bb, enti\u00e8rement s\u00e9curis\u00e9, vous propose de faire la d\u00e9marche \u00e0 votre place. Nous travaillons en \u00e9troite collaboration avec les pr\u00e9fectures afin de vous simplifier la vie. Et oui, gr\u00e2ce \u00e0 notre service de <b>duplicata de permis de conduire en ligne<\/b>, vous n\u2019avez plus besoin de vous d\u00e9placer\u2026 Ce qui vous permet de gagner beaucoup de temps. Vous b\u00e9n\u00e9ficiez m\u00eame d\u2019une assistance en ligne en cas de doute sur les d\u00e9marches \u00e0 accomplir, les documents \u00e0 remplir\u2026<\/p>\n<p style=\"text-align: justify;\">Pour <b>faire un duplicata de permis de conduire <\/b>en ligne, il suffit de remplir le formulaire disponible en page d\u2019accueil et de valider votre commande. Nous vous envoyons instantan\u00e9ment un mail avec la liste des documents \u00e0 nous retourner pour constituer votre dossier. Votre demande est trait\u00e9e en 24heures et le duplicata envoy\u00e9 directement par la poste, avec un num\u00e9ro de suivi pour plus de s\u00e9curit\u00e9.<\/p>\n<h2 style=\"text-align: justify;\"><b>Comment faire un duplicata de permis de conduire en pr\u00e9fecture ?<\/b><\/h2>\n<p style=\"text-align: justify;\">Le <b>duplicata de permis de conduire<\/b> peut aussi \u00eatre demand\u00e9 en pr\u00e9fecture. Vous pouvez envoyer votre dossier par courrier ou vous rendre directement au guichet. Dans les deux cas, il faudra vous rendre au moins une fois \u00e0 la pr\u00e9fecture pour leur permettre de contr\u00f4ler votre identit\u00e9. Si vous vous d\u00e9placez pour d\u00e9poser votre dossier, vous pourrez demander \u00e0 le recevoir par la poste. Si vous fa\u00eetes la d\u00e9marche par courrier, il faudra vous d\u00e9placer en pr\u00e9fecture pour venir chercher votre <b>duplicata<\/b>.<\/p>\n<h2 style=\"text-align: justify;\"><b>Comment constituer votre dossier pour votre demande de duplicata de permis de conduire ?<\/b><\/h2>\n<p style=\"text-align: justify;\">Que la d\u00e9marche soit accomplie en ligne ou en pr\u00e9fecture, votre dossier est \u00e0 constituer avec les documents suivants :<\/p>\n<p style=\"text-align: justify;\">\u2022Formulaires cerfa n\u00b014882*01 et cerfa n\u00b014948*01 remplis et sign\u00e9s<\/p>\n<p style=\"text-align: justify;\">\u20222 photocopies d&#8217;un justificatif d\u2019identit\u00e9<\/p>\n<p style=\"text-align: justify;\">\u20222 photocopies d\u2019un justificatif de domicile<\/p>\n<p style=\"text-align: justify;\">\u20222 photos d\u2019identit\u00e9 r\u00e9centes et identiques avec votre nom et pr\u00e9nom au dos<\/p>\n<p style=\"text-align: justify;\">\u2022En cas de vol ou de perte : la copie du r\u00e9c\u00e9piss\u00e9 de d\u00e9claration de vol ou de perte<\/p>\n<p style=\"text-align: justify;\">\u2022En cas de demande de renouvellement : le permis de conduire \u00e0 remplacer ainsi qu\u2019une photocopie recto verso<\/p>\n<p>&nbsp;<br \/>\n[\/et_pb_text][\/et_pb_column][\/et_pb_row][\/et_pb_section]\n","protected":false},"excerpt":{"rendered":"<p>[et_pb_section fb_built=&#8221;1&#8243; _builder_version=&#8221;3.22&#8243;][et_pb_row _builder_version=&#8221;3.25&#8243; background_size=&#8221;initial&#8221; background_position=&#8221;top_left&#8221; background_repeat=&#8221;repeat&#8221;][et_pb_column type=&#8221;4_4&#8243; _builder_version=&#8221;3.25&#8243; custom_padding=&#8221;|||&#8221; custom_padding__hover=&#8221;|||&#8221;][et_pb_text _builder_version=&#8221;3.27.4&#8243; background_size=&#8221;initial&#8221; background_position=&#8221;top_left&#8221; background_repeat=&#8221;repeat&#8221;] Comment faire une demande de duplicata de permis de conduire\u00a0 ? Les d\u00e9marches pour faire une demande de duplicata de permis de conduire ne sont pas compliqu\u00e9es en soit. Vous avez la possibilit\u00e9 de les effectuer en pr\u00e9fecture ou directement [&hellip;]<\/p>\n","protected":false},"author":1,"featured_media":0,"parent":0,"menu_order":0,"comment_status":"closed","ping_status":"closed","template":"","meta":{"_et_pb_use_builder":"on","_et_pb_old_content":"<h2 style=\"text-align: justify;\"><b>Comment faire une demande de duplicata de permis de conduire\u00a0 ?<\/b><\/h2><p style=\"text-align: justify;\">Les d\u00e9marches pour <b>faire une demande de duplicata de permis de conduire<\/b> ne sont pas compliqu\u00e9es en soit. Vous avez la possibilit\u00e9 de les effectuer en pr\u00e9fecture ou directement sur Internet, afin de gagner du temps. Si vous ne connaissez pas la marche \u00e0 suivre, suivez le guide, nous vous expliquons <b>comment faire un duplicata de permis de conduire<\/b>.<\/p><h2 style=\"text-align: justify;\"><b>Comment faire un duplicata de permis de conduire sur Internet ?<\/b><\/h2><p style=\"text-align: justify;\">Le <b>duplicata de permis de conduire <\/b>peut \u00eatre demand\u00e9 tr\u00e8s facilement sur Internet. Encore faut-il choisir un site fiable. Notre site web \u00ab\u00a0<a href=\"http:\/\/www.duplicata-permis-de-conduire.fr\"><b>Duplicata de permis de conduire<\/b><\/a>\u00a0\u00bb, enti\u00e8rement s\u00e9curis\u00e9, vous propose de faire la d\u00e9marche \u00e0 votre place. Nous travaillons en \u00e9troite collaboration avec les pr\u00e9fectures afin de vous simplifier la vie. Et oui, gr\u00e2ce \u00e0 notre service de <b>duplicata de permis de conduire en ligne<\/b>, vous n\u2019avez plus besoin de vous d\u00e9placer\u2026 Ce qui vous permet de gagner beaucoup de temps. Vous b\u00e9n\u00e9ficiez m\u00eame d\u2019une assistance en ligne en cas de doute sur les d\u00e9marches \u00e0 accomplir, les documents \u00e0 remplir\u2026<\/p><p style=\"text-align: justify;\">Pour <b>faire un duplicata de permis de conduire <\/b>en ligne, il suffit de remplir le formulaire disponible en page d\u2019accueil et de valider votre commande. Nous vous envoyons instantan\u00e9ment un mail avec la liste des documents \u00e0 nous retourner pour constituer votre dossier. Votre demande est trait\u00e9e en 24heures et le duplicata envoy\u00e9 directement par la poste, avec un num\u00e9ro de suivi pour plus de s\u00e9curit\u00e9.<\/p><h2 style=\"text-align: justify;\"><b>Comment faire un duplicata de permis de conduire en pr\u00e9fecture ?<\/b><\/h2><p style=\"text-align: justify;\">Le <b>duplicata de permis de conduire<\/b> peut aussi \u00eatre demand\u00e9 en pr\u00e9fecture. Vous pouvez envoyer votre dossier par courrier ou vous rendre directement au guichet. Dans les deux cas, il faudra vous rendre au moins une fois \u00e0 la pr\u00e9fecture pour leur permettre de contr\u00f4ler votre identit\u00e9. Si vous vous d\u00e9placez pour d\u00e9poser votre dossier, vous pourrez demander \u00e0 le recevoir par la poste. Si vous fa\u00eetes la d\u00e9marche par courrier, il faudra vous d\u00e9placer en pr\u00e9fecture pour venir chercher votre <b>duplicata<\/b>.<\/p><h2 style=\"text-align: justify;\"><b>Comment constituer votre dossier pour votre demande de duplicata de permis de conduire ?<\/b><\/h2><p style=\"text-align: justify;\">Que la d\u00e9marche soit accomplie en ligne ou en pr\u00e9fecture, votre dossier est \u00e0 constituer avec les documents suivants :<\/p><p style=\"text-align: justify;\">\u2022Formulaires cerfa n\u00b014882*01 et cerfa n\u00b014948*01 remplis et sign\u00e9s<\/p><p style=\"text-align: justify;\">\u20222 photocopies d'un justificatif d\u2019identit\u00e9<\/p><p style=\"text-align: justify;\">\u20222 photocopies d\u2019un justificatif de domicile<\/p><p style=\"text-align: justify;\">\u20222 photos d\u2019identit\u00e9 r\u00e9centes et identiques avec votre nom et pr\u00e9nom au dos<\/p><p style=\"text-align: justify;\">\u2022En cas de vol ou de perte : la copie du r\u00e9c\u00e9piss\u00e9 de d\u00e9claration de vol ou de perte<\/p><p style=\"text-align: justify;\">\u2022En cas de demande de renouvellement : le permis de conduire \u00e0 remplacer ainsi qu\u2019une photocopie recto verso<\/p><p><\/p>","_et_gb_content_width":""},"_links":{"self":[{"href":"https:\/\/www.duplicata-permis-de-conduire.fr\/blog\/wp-json\/wp\/v2\/pages\/68"}],"collection":[{"href":"https:\/\/www.duplicata-permis-de-conduire.fr\/blog\/wp-json\/wp\/v2\/pages"}],"about":[{"href":"https:\/\/www.duplicata-permis-de-conduire.fr\/blog\/wp-json\/wp\/v2\/types\/page"}],"author":[{"embeddable":true,"href":"https:\/\/www.duplicata-permis-de-conduire.fr\/blog\/wp-json\/wp\/v2\/users\/1"}],"replies":[{"embeddable":true,"href":"https:\/\/www.duplicata-permis-de-conduire.fr\/blog\/wp-json\/wp\/v2\/comments?post=68"}],"version-history":[{"count":3,"href":"https:\/\/www.duplicata-permis-de-conduire.fr\/blog\/wp-json\/wp\/v2\/pages\/68\/revisions"}],"predecessor-version":[{"id":353,"href":"https:\/\/www.duplicata-permis-de-conduire.fr\/blog\/wp-json\/wp\/v2\/pages\/68\/revisions\/353"}],"wp:attachment":[{"href":"https:\/\/www.duplicata-permis-de-conduire.fr\/blog\/wp-json\/wp\/v2\/media?parent=68"}],"curies":[{"name":"wp","href":"https:\/\/api.w.org\/{rel}","templated":true}]}}